{"id":39,"date":"2018-04-07T09:22:29","date_gmt":"2018-04-07T07:22:29","guid":{"rendered":"http:\/\/modellsportclub-allmersbach.de\/wordpress\/?page_id=39"},"modified":"2018-04-24T18:37:01","modified_gmt":"2018-04-24T16:37:01","slug":"vereinsgeschichte","status":"publish","type":"page","link":"http:\/\/modellsportclub-allmersbach.de\/wordpress\/vereinsgeschichte\/","title":{"rendered":"Vereinsgeschichte"},"content":{"rendered":"<p><strong>Wir \u00fcber uns&#8230;.<\/strong><\/p>\n<p>&nbsp;<\/p>\n<p><strong>Wir sind eine Gruppe von Modellfliegerfreunden, die Ihr Hobby schon seit Jahren auf<\/strong><\/p>\n<p><strong>dem Grundst\u00fcck von Eberhard Unkauf zwischen Kleinaspach und<\/strong><\/p>\n<p><strong>Allmersbach a.W. ausge\u00fcbt haben.<\/strong><\/p>\n<p><strong>Nun wollen wir unseren Flugbetrieb durch eine offizielle Aufstiegsgenehmigung<\/strong><\/p>\n<p><strong>und im Zuge der Gr\u00fcndung eines Vereins aufrechterhalten und vollziehen.<\/strong><\/p>\n<p><strong>Unsere Interessen liegen nicht nur am Modellflug, sondern auch am Bau und der<\/strong><\/p>\n<p><strong>Entwicklung von Modellflugzeugen.<\/strong><\/p>\n<p><strong>Auch wir werden uns in der Zukunft f\u00fcr die Jugendarbeit im Bereich Modellflugsport einbringen.<\/strong><\/p>\n<p><strong>Da uns der Umweltschutz sowie die weit liegenden Anwohner sehr wichtig sind haben<\/strong><\/p>\n<p><strong>wir uns den Rat des Deutschen-Modell-Flieger-Verbands eingeholt. Da die Besichtigung<\/strong><\/p>\n<p><strong>des Gutachters Herrn Kurt Schock vom Deutschen-Modell-Flieger-Verband (zust\u00e4ndig f\u00fcr<\/strong><\/p>\n<p><strong>Zulassungsgutachten von Modellflugpl\u00e4tzen in Baden-W\u00fcrttemberg) positiv sowie<\/strong><\/p>\n<p><strong>unbedenklich verlief, war dies f\u00fcr uns ein weiterer Beweggrund, die<\/strong><\/p>\n<p><strong>Vereinsgr\u00fcndung anzustreben und zu verwirklichen.<\/strong><\/p>\n<p><strong>Meilensteine des MSC Allmersbach am Weinberg e.V.<\/strong><\/p>\n<p>&nbsp;<\/p>\n<p><strong>Gr\u00fcndungsversammlung am 22.02.2008<\/strong><\/p>\n<p><strong>Eingetragener Verein am 12.03.2008<\/strong><\/p>\n<p><strong>Aufstiegsgenehmigung am 19.05.2011<\/strong><\/p>\n","protected":false},"excerpt":{"rendered":"<p>Wir \u00fcber uns&#8230;. &nbsp; Wir sind eine Gruppe von Modellfliegerfreunden, die Ihr Hobby schon seit Jahren auf dem Grundst\u00fcck von Eberhard Unkauf zwischen Kleinaspach und Allmersbach a.W. ausge\u00fcbt haben. Nun wollen wir unseren Flugbetrieb durch eine offizielle Aufstiegsgenehmigung und im Zuge der Gr\u00fcndung eines Vereins aufrechterhalten und vollziehen. Unsere Interessen liegen nicht nur am Modellflug, [&hellip;]<\/p>\n","protected":false},"author":1,"featured_media":0,"parent":0,"menu_order":0,"comment_status":"closed","ping_status":"closed","template":"","meta":{"footnotes":""},"_links":{"self":[{"href":"http:\/\/modellsportclub-allmersbach.de\/wordpress\/wp-json\/wp\/v2\/pages\/39"}],"collection":[{"href":"http:\/\/modellsportclub-allmersbach.de\/wordpress\/wp-json\/wp\/v2\/pages"}],"about":[{"href":"http:\/\/modellsportclub-allmersbach.de\/wordpress\/wp-json\/wp\/v2\/types\/page"}],"author":[{"embeddable":true,"href":"http:\/\/modellsportclub-allmersbach.de\/wordpress\/wp-json\/wp\/v2\/users\/1"}],"replies":[{"embeddable":true,"href":"http:\/\/modellsportclub-allmersbach.de\/wordpress\/wp-json\/wp\/v2\/comments?post=39"}],"version-history":[{"count":3,"href":"http:\/\/modellsportclub-allmersbach.de\/wordpress\/wp-json\/wp\/v2\/pages\/39\/revisions"}],"predecessor-version":[{"id":240,"href":"http:\/\/modellsportclub-allmersbach.de\/wordpress\/wp-json\/wp\/v2\/pages\/39\/revisions\/240"}],"wp:attachment":[{"href":"http:\/\/modellsportclub-allmersbach.de\/wordpress\/wp-json\/wp\/v2\/media?parent=39"}],"curies":[{"name":"wp","href":"https:\/\/api.w.org\/{rel}","templated":true}]}}